{"id":1114,"date":"2025-05-02T13:06:32","date_gmt":"2025-05-02T12:06:32","guid":{"rendered":"http:\/\/test.fahana-hotels.com\/?page_id=1114"},"modified":"2025-05-02T13:06:32","modified_gmt":"2025-05-02T12:06:32","slug":"subvenciones","status":"publish","type":"page","link":"https:\/\/fahana.rwdesarrollos2.es\/es\/subvenciones\/","title":{"rendered":"Subvenciones"},"content":{"rendered":"\n\n    <section class=\"relative max-lg:pt-36  \">\n      <div class=\"flex flex-col lg:flex-row lg:min-h-screen\">\n        <div class=\"lg:w-6\/12\">\n                  <img loading=\"lazy\" decoding=\"async\" width=\"1748\" height=\"1240\" src=\"https:\/\/fahana.rwdesarrollos2.es\/wp-content\/uploads\/2025\/05\/Certificado-De-Regalo-Paddle-Fotografico-Negro-y-Verde-1.jpg\" class=\"w-full h-full object-cover\" alt=\"Subvenci\u00f3n EU\" srcset=\"https:\/\/fahana.rwdesarrollos2.es\/wp-content\/uploads\/2025\/05\/Certificado-De-Regalo-Paddle-Fotografico-Negro-y-Verde-1.jpg 1748w, https:\/\/fahana.rwdesarrollos2.es\/wp-content\/uploads\/2025\/05\/Certificado-De-Regalo-Paddle-Fotografico-Negro-y-Verde-1-300x213.jpg 300w, https:\/\/fahana.rwdesarrollos2.es\/wp-content\/uploads\/2025\/05\/Certificado-De-Regalo-Paddle-Fotografico-Negro-y-Verde-1-768x545.jpg 768w, https:\/\/fahana.rwdesarrollos2.es\/wp-content\/uploads\/2025\/05\/Certificado-De-Regalo-Paddle-Fotografico-Negro-y-Verde-1-1024x726.jpg 1024w, https:\/\/fahana.rwdesarrollos2.es\/wp-content\/uploads\/2025\/05\/Certificado-De-Regalo-Paddle-Fotografico-Negro-y-Verde-1-1536x1090.jpg 1536w\" sizes=\"auto, (max-width: 1748px) 100vw, 1748px\" \/>                <\/div>\n        <div class=\"lg:w-6\/12 lg:px-24 2xl:px-28 px-5 lg:self-center pt-10 lg:pt-40 2xl:pt-32\">\n          <h1 class=\"text-5xl lg:text-6xl\">Programa de subvenciones.<\/h1>\n          <div class=\"content mt-6 mb-8\">\n            <strong>Plan de Recuperaci\u00f3n, Transformaci\u00f3n y Resilencia, financiado por la Uni\u00f3n Europea.<\/strong>\r\n\r\nPlan de modernizaci\u00f3n y mejora de la experiencia tur\u00edstica en Fahana Gay Men Only Hotel.           <\/div>\n\n                    \n          \n                      \n          \n        <\/div>\n      <\/div>\n    <\/section>\n\n\n  \n\n","protected":false},"excerpt":{"rendered":"","protected":false},"author":1,"featured_media":1053,"parent":0,"menu_order":0,"comment_status":"closed","ping_status":"closed","template":"templates\/page-gutenberg.php","meta":{"_acf_changed":false,"footnotes":""},"class_list":["post-1114","page","type-page","status-publish","has-post-thumbnail","hentry"],"acf":[],"jetpack_sharing_enabled":true,"_links":{"self":[{"href":"https:\/\/fahana.rwdesarrollos2.es\/es\/wp-json\/wp\/v2\/pages\/1114","targetHints":{"allow":["GET"]}}],"collection":[{"href":"https:\/\/fahana.rwdesarrollos2.es\/es\/wp-json\/wp\/v2\/pages"}],"about":[{"href":"https:\/\/fahana.rwdesarrollos2.es\/es\/wp-json\/wp\/v2\/types\/page"}],"author":[{"embeddable":true,"href":"https:\/\/fahana.rwdesarrollos2.es\/es\/wp-json\/wp\/v2\/users\/1"}],"replies":[{"embeddable":true,"href":"https:\/\/fahana.rwdesarrollos2.es\/es\/wp-json\/wp\/v2\/comments?post=1114"}],"version-history":[{"count":0,"href":"https:\/\/fahana.rwdesarrollos2.es\/es\/wp-json\/wp\/v2\/pages\/1114\/revisions"}],"wp:featuredmedia":[{"embeddable":true,"href":"https:\/\/fahana.rwdesarrollos2.es\/es\/wp-json\/wp\/v2\/media\/1053"}],"wp:attachment":[{"href":"https:\/\/fahana.rwdesarrollos2.es\/es\/wp-json\/wp\/v2\/media?parent=1114"}],"curies":[{"name":"wp","href":"https:\/\/api.w.org\/{rel}","templated":true}]}}