{"id":2990,"date":"2025-03-19T10:42:59","date_gmt":"2025-03-19T09:42:59","guid":{"rendered":"https:\/\/fahana.rwdesarrollos2.es\/faqs-fahana-hotels-brand\/"},"modified":"2026-03-02T14:46:08","modified_gmt":"2026-03-02T13:46:08","slug":"faqs-fahana-hotels-brand","status":"publish","type":"page","link":"https:\/\/fahana.rwdesarrollos2.es\/es\/faqs-fahana-hotels-brand\/","title":{"rendered":"FAQs Fahana Hotels Brand"},"content":{"rendered":"\n\n  <section class=\"hero relative h-screen flex   \">\n            <img loading=\"lazy\" decoding=\"async\" width=\"2048\" height=\"1365\" src=\"https:\/\/fahana.rwdesarrollos2.es\/wp-content\/uploads\/2025\/03\/DSC00420-Editar-1.jpg\" class=\"hero-bg absolute top-0 left-0 w-full h-full object-cover opacity-0\" alt=\"\" srcset=\"https:\/\/fahana.rwdesarrollos2.es\/wp-content\/uploads\/2025\/03\/DSC00420-Editar-1.jpg 2048w, https:\/\/fahana.rwdesarrollos2.es\/wp-content\/uploads\/2025\/03\/DSC00420-Editar-1-300x200.jpg 300w, https:\/\/fahana.rwdesarrollos2.es\/wp-content\/uploads\/2025\/03\/DSC00420-Editar-1-768x512.jpg 768w, https:\/\/fahana.rwdesarrollos2.es\/wp-content\/uploads\/2025\/03\/DSC00420-Editar-1-1024x683.jpg 1024w, https:\/\/fahana.rwdesarrollos2.es\/wp-content\/uploads\/2025\/03\/DSC00420-Editar-1-1536x1024.jpg 1536w\" sizes=\"auto, (max-width: 2048px) 100vw, 2048px\" \/>    \n    \n    <div class=\"inner w-full relative text-white mt-auto max-lg:mb-20 lg:my-auto lg:pt-40 px-5 lg:px-20\">\n        <h1 class=\"flex flex-wrap gap-2 xl:gap-x-3 w-11\/12 lg:w-7\/12 text-[3.1rem]\/[1.2] xl:text-[5.2rem]\/[1.2] 2xl:text-8xl\/[1.2] text-balance opacity-0\">\n             Preguntas<br><i>Frequentes<\/i>        <\/h1>\n\n        \n        <div class=\"bottom mt-10 flex justify-between items-center\">\n                                \n            \n                    <\/div>\n    <\/div>\n  <\/section>\n\n\n  \n\n\n<section  class=\"    \">\n    <div class=\"grid lg:grid-cols-2 gap-x-10\">\n                    <div class=\"px-5 lg:px-12 border-b first:border-t lg:[&#038;:nth-child(2)]:border-t border-black\/[.2]\">\n                <div data-slide-toggle=\"next\" class=\"flex gap-5 items-center py-5 lg:py-8 cursor-pointer justify-between\">\n                    <h3 class=\"w-10\/12 text-2xl lg:text-4xl\">\u00bfQu\u00e9 es Fahana Hotels?<\/h3>\n                    <div class=\"flex-none w-7 h-7 lg:w-8 lg:h-8 border border-black\/[.5] rounded-full flex select-none\">\n                        <svg width=\"16\" height=\"16\" viewBox=\"0 0 16 16\" fill=\"none\" class=\"w-3 h-auto m-auto stroke-black\" stroke-width=\"0.7\" xmlns=\"http:\/\/www.w3.org\/2000\/svg\">\n                            <path d=\"M0 8H16\"\/>\n                            <path d=\"M8 16L8 -2.38419e-07\" class=\"subtract\"\/>\n                        <\/svg>\n                    <\/div>\n                <\/div>\n                <div class=\"hidden pb-5\" data-slide-target>\n                    <p>Fahana Hotels es una marca de hosteler\u00eda de lujo que ofrece experiencias exclusivas en ubicaciones privilegiadas. Nuestra colecci\u00f3n incluye hoteles y residencias de alta gama dise\u00f1ados para viajeros exigentes que buscan un servicio excepcional, confort sofisticado y un ambiente refinado. <\/p>\n                <\/div>\n            <\/div>\n                    <div class=\"px-5 lg:px-12 border-b first:border-t lg:[&#038;:nth-child(2)]:border-t border-black\/[.2]\">\n                <div data-slide-toggle=\"next\" class=\"flex gap-5 items-center py-5 lg:py-8 cursor-pointer justify-between\">\n                    <h3 class=\"w-10\/12 text-2xl lg:text-4xl\">\u00bfQu\u00e9 tipos de alojamiento ofrece Fahana Hotels?<\/h3>\n                    <div class=\"flex-none w-7 h-7 lg:w-8 lg:h-8 border border-black\/[.5] rounded-full flex select-none\">\n                        <svg width=\"16\" height=\"16\" viewBox=\"0 0 16 16\" fill=\"none\" class=\"w-3 h-auto m-auto stroke-black\" stroke-width=\"0.7\" xmlns=\"http:\/\/www.w3.org\/2000\/svg\">\n                            <path d=\"M0 8H16\"\/>\n                            <path d=\"M8 16L8 -2.38419e-07\" class=\"subtract\"\/>\n                        <\/svg>\n                    <\/div>\n                <\/div>\n                <div class=\"hidden pb-5\" data-slide-target>\n                    <p>Fahana Hotels lleva el lujo moderno a ubicaciones distintivas, ofreciendo un diverso portafolio de estancias de alta gama. Nuestra marca opera actualmente Fahana Men Only Maspalomas, un retiro de cinco estrellas dise\u00f1ado exclusivamente para hombres gay, y Fahana Residences Las Canteras, que ofrece una vida premium frente al mar.<br \/>\r\nEmocionantes expansiones est\u00e1n en marcha: En julio de 2025, daremos la bienvenida a Fahana Residences Arguinegu\u00edn, un tranquilo escape costero, seguido por la gran apertura de Fahana Triana Hotel Emblem\u00e1tico en noviembre de 2025, llevando elegancia boutique al coraz\u00f3n hist\u00f3rico de Las Palmas. Mirando hacia el futuro, Fahana Tajinaste Men Only Maspalomas debutar\u00e1 en 2026, y un hotel urbano frente a la playa en La Puntilla, Las Canteras, est\u00e1 en desarrollo para un futuro pr\u00f3ximo.<br \/>\r\nCada propiedad encarna el estilo distintivo de Fahana: lujoso, exclusivo y dise\u00f1ado para el viajero moderno.  <br \/>\r\n<\/p>\n                <\/div>\n            <\/div>\n                    <div class=\"px-5 lg:px-12 border-b first:border-t lg:[&#038;:nth-child(2)]:border-t border-black\/[.2]\">\n                <div data-slide-toggle=\"next\" class=\"flex gap-5 items-center py-5 lg:py-8 cursor-pointer justify-between\">\n                    <h3 class=\"w-10\/12 text-2xl lg:text-4xl\">\u00bfD\u00f3nde se ubican los hoteles Fahana?<\/h3>\n                    <div class=\"flex-none w-7 h-7 lg:w-8 lg:h-8 border border-black\/[.5] rounded-full flex select-none\">\n                        <svg width=\"16\" height=\"16\" viewBox=\"0 0 16 16\" fill=\"none\" class=\"w-3 h-auto m-auto stroke-black\" stroke-width=\"0.7\" xmlns=\"http:\/\/www.w3.org\/2000\/svg\">\n                            <path d=\"M0 8H16\"\/>\n                            <path d=\"M8 16L8 -2.38419e-07\" class=\"subtract\"\/>\n                        <\/svg>\n                    <\/div>\n                <\/div>\n                <div class=\"hidden pb-5\" data-slide-target>\n                    <p>Actualmente, Fahana Hotels se dedica a establecer su distintiva marca de hosteler\u00eda de lujo en Gran Canaria, con una creciente colecci\u00f3n de hoteles y residencias premium en toda la isla. Sin embargo, nuestra visi\u00f3n se extiende m\u00e1s all\u00e1: futuras expansiones llevar\u00e1n la experiencia Fahana a nuevos destinos, manteniendo siempre nuestro compromiso con la exclusividad, la inclusividad moderna y el servicio impecable. <\/p>\n                <\/div>\n            <\/div>\n                    <div class=\"px-5 lg:px-12 border-b first:border-t lg:[&#038;:nth-child(2)]:border-t border-black\/[.2]\">\n                <div data-slide-toggle=\"next\" class=\"flex gap-5 items-center py-5 lg:py-8 cursor-pointer justify-between\">\n                    <h3 class=\"w-10\/12 text-2xl lg:text-4xl\">\u00bfTiene Fahana Hotels un programa de fidelizaci\u00f3n?<\/h3>\n                    <div class=\"flex-none w-7 h-7 lg:w-8 lg:h-8 border border-black\/[.5] rounded-full flex select-none\">\n                        <svg width=\"16\" height=\"16\" viewBox=\"0 0 16 16\" fill=\"none\" class=\"w-3 h-auto m-auto stroke-black\" stroke-width=\"0.7\" xmlns=\"http:\/\/www.w3.org\/2000\/svg\">\n                            <path d=\"M0 8H16\"\/>\n                            <path d=\"M8 16L8 -2.38419e-07\" class=\"subtract\"\/>\n                        <\/svg>\n                    <\/div>\n                <\/div>\n                <div class=\"hidden pb-5\" data-slide-target>\n                    <p>En este momento, Fahana Men Only Maspalomas es la \u00fanica propiedad con un programa de fidelizaci\u00f3n exclusivo, ofreciendo a los miembros beneficios premium y experiencias \u00fanicas. A medida que Fahana contin\u00faa creciendo, estamos explorando formas de extender esta iniciativa a otras propiedades en el futuro. <\/p>\n                <\/div>\n            <\/div>\n                    <div class=\"px-5 lg:px-12 border-b first:border-t lg:[&#038;:nth-child(2)]:border-t border-black\/[.2]\">\n                <div data-slide-toggle=\"next\" class=\"flex gap-5 items-center py-5 lg:py-8 cursor-pointer justify-between\">\n                    <h3 class=\"w-10\/12 text-2xl lg:text-4xl\">\u00bfQui\u00e9n es el propietario de Fahana Hotels?<\/h3>\n                    <div class=\"flex-none w-7 h-7 lg:w-8 lg:h-8 border border-black\/[.5] rounded-full flex select-none\">\n                        <svg width=\"16\" height=\"16\" viewBox=\"0 0 16 16\" fill=\"none\" class=\"w-3 h-auto m-auto stroke-black\" stroke-width=\"0.7\" xmlns=\"http:\/\/www.w3.org\/2000\/svg\">\n                            <path d=\"M0 8H16\"\/>\n                            <path d=\"M8 16L8 -2.38419e-07\" class=\"subtract\"\/>\n                        <\/svg>\n                    <\/div>\n                <\/div>\n                <div class=\"hidden pb-5\" data-slide-target>\n                    <p>Fahana Hotels forma parte de la estructura corporativa de Tajinaste Beach SL y Vingiu Yonas SLU, asegurando un liderazgo s\u00f3lido, un compromiso con la excelencia y un crecimiento estrat\u00e9gico en el sector de la hosteler\u00eda de lujo.<\/p>\n                <\/div>\n            <\/div>\n                    <div class=\"px-5 lg:px-12 border-b first:border-t lg:[&#038;:nth-child(2)]:border-t border-black\/[.2]\">\n                <div data-slide-toggle=\"next\" class=\"flex gap-5 items-center py-5 lg:py-8 cursor-pointer justify-between\">\n                    <h3 class=\"w-10\/12 text-2xl lg:text-4xl\">\u00bfC\u00f3mo puedo hacer una reserva?<\/h3>\n                    <div class=\"flex-none w-7 h-7 lg:w-8 lg:h-8 border border-black\/[.5] rounded-full flex select-none\">\n                        <svg width=\"16\" height=\"16\" viewBox=\"0 0 16 16\" fill=\"none\" class=\"w-3 h-auto m-auto stroke-black\" stroke-width=\"0.7\" xmlns=\"http:\/\/www.w3.org\/2000\/svg\">\n                            <path d=\"M0 8H16\"\/>\n                            <path d=\"M8 16L8 -2.38419e-07\" class=\"subtract\"\/>\n                        <\/svg>\n                    <\/div>\n                <\/div>\n                <div class=\"hidden pb-5\" data-slide-target>\n                    <p>Las reservas se pueden realizar directamente a trav\u00e9s de nuestro sitio web oficial para obtener las mejores tarifas disponibles, ofertas exclusivas y una experiencia de reserva sin complicaciones. Nuestro equipo dedicado tambi\u00e9n est\u00e1 disponible para ayudar con cualquier consulta o solicitud especial para personalizar su estancia. <\/p>\n                <\/div>\n            <\/div>\n            <\/div>\n<\/section>\n\n","protected":false},"excerpt":{"rendered":"","protected":false},"author":1,"featured_media":2989,"parent":0,"menu_order":0,"comment_status":"closed","ping_status":"closed","template":"templates\/page-gutenberg.php","meta":{"_acf_changed":false,"footnotes":""},"class_list":["post-2990","page","type-page","status-publish","has-post-thumbnail","hentry"],"acf":[],"jetpack_sharing_enabled":true,"_links":{"self":[{"href":"https:\/\/fahana.rwdesarrollos2.es\/es\/wp-json\/wp\/v2\/pages\/2990","targetHints":{"allow":["GET"]}}],"collection":[{"href":"https:\/\/fahana.rwdesarrollos2.es\/es\/wp-json\/wp\/v2\/pages"}],"about":[{"href":"https:\/\/fahana.rwdesarrollos2.es\/es\/wp-json\/wp\/v2\/types\/page"}],"author":[{"embeddable":true,"href":"https:\/\/fahana.rwdesarrollos2.es\/es\/wp-json\/wp\/v2\/users\/1"}],"replies":[{"embeddable":true,"href":"https:\/\/fahana.rwdesarrollos2.es\/es\/wp-json\/wp\/v2\/comments?post=2990"}],"version-history":[{"count":0,"href":"https:\/\/fahana.rwdesarrollos2.es\/es\/wp-json\/wp\/v2\/pages\/2990\/revisions"}],"wp:featuredmedia":[{"embeddable":true,"href":"https:\/\/fahana.rwdesarrollos2.es\/es\/wp-json\/wp\/v2\/media\/2989"}],"wp:attachment":[{"href":"https:\/\/fahana.rwdesarrollos2.es\/es\/wp-json\/wp\/v2\/media?parent=2990"}],"curies":[{"name":"wp","href":"https:\/\/api.w.org\/{rel}","templated":true}]}}