{"id":485,"date":"2024-03-04T10:53:47","date_gmt":"2024-03-04T09:53:47","guid":{"rendered":"http:\/\/test.fahana-hotels.com\/?page_id=485"},"modified":"2026-03-02T14:36:48","modified_gmt":"2026-03-02T13:36:48","slug":"inicio","status":"publish","type":"page","link":"https:\/\/fahana.rwdesarrollos2.es\/es\/","title":{"rendered":"Inicio"},"content":{"rendered":"\n\n  <section class=\"hero relative h-screen flex   \">\n            <img loading=\"lazy\" decoding=\"async\" width=\"2048\" height=\"1365\" src=\"https:\/\/fahana.rwdesarrollos2.es\/wp-content\/uploads\/2024\/10\/DSC00580-Editar-1.jpg\" class=\"hero-bg absolute top-0 left-0 w-full h-full object-cover opacity-0\" alt=\"\" srcset=\"https:\/\/fahana.rwdesarrollos2.es\/wp-content\/uploads\/2024\/10\/DSC00580-Editar-1.jpg 2048w, https:\/\/fahana.rwdesarrollos2.es\/wp-content\/uploads\/2024\/10\/DSC00580-Editar-1-300x200.jpg 300w, https:\/\/fahana.rwdesarrollos2.es\/wp-content\/uploads\/2024\/10\/DSC00580-Editar-1-768x512.jpg 768w, https:\/\/fahana.rwdesarrollos2.es\/wp-content\/uploads\/2024\/10\/DSC00580-Editar-1-1024x683.jpg 1024w, https:\/\/fahana.rwdesarrollos2.es\/wp-content\/uploads\/2024\/10\/DSC00580-Editar-1-1536x1024.jpg 1536w\" sizes=\"auto, (max-width: 2048px) 100vw, 2048px\" \/>    \n          <div class=\"bg-black absolute inset-0\" style=\"opacity: 0.2\"><\/div>\n    \n    <div class=\"inner w-full relative text-white mt-auto max-lg:mb-20 lg:my-auto lg:pt-40 px-5 lg:px-20\">\n        <h1 class=\"flex flex-wrap gap-2 xl:gap-x-3 w-11\/12 lg:w-7\/12 text-[3.1rem]\/[1.2] xl:text-[5.2rem]\/[1.2] 2xl:text-8xl\/[1.2] text-balance opacity-0\">\n            <i> Hoteles y Residencias <\/i> de dise\u00f1o moderno <i> en las Islas Canarias <\/i>        <\/h1>\n\n        \n        <div class=\"bottom mt-10 flex justify-between items-center\">\n                                    <button data-scroll=\"#destinos\" class=\"flex gap-4 items-center group opacity-0\">\n                  Explora los Destinos                  <span class=\"block w-10 h-10 xl:w-12 xl:h-12 lg:group-hover:scale-110 duration-150 rounded-full border border-white flex flex-none\">\n                    <svg width=\"8\" height=\"17\" viewBox=\"0 0 8 17\" fill=\"none\" class=\"m-auto xl:w-2.5 h-auto\" xmlns=\"http:\/\/www.w3.org\/2000\/svg\">\n                      <path d=\"M4 0V16\" stroke=\"white\" stroke-width=\"0.7\"\/>\n                      <path d=\"M1 13L4 16L7 13\" stroke=\"white\" stroke-width=\"0.7\"\/>\n                    <\/svg>\n                  <\/span>\n              <\/button>\n                      \n            \n                    <\/div>\n    <\/div>\n  <\/section>\n\n\n  \n\n\n\n\n\n<section  class=\"image-text px-5 lg:px-20 lg:space-y-20   pt-8 lg:pt-20 pb-8 lg:pb-20 \">\n      <div class=\"flex flex-col lg:flex-row lg:gap-20 opacity-0\">\n      <div class=\"lg:w-1\/2 lg: \">\n          <img loading=\"lazy\" decoding=\"async\" width=\"1463\" height=\"2048\" src=\"https:\/\/fahana.rwdesarrollos2.es\/wp-content\/uploads\/2025\/08\/DSC09440-Editar-1-1.jpg\" class=\"parallax\" alt=\"\" srcset=\"https:\/\/fahana.rwdesarrollos2.es\/wp-content\/uploads\/2025\/08\/DSC09440-Editar-1-1.jpg 1463w, https:\/\/fahana.rwdesarrollos2.es\/wp-content\/uploads\/2025\/08\/DSC09440-Editar-1-1-214x300.jpg 214w, https:\/\/fahana.rwdesarrollos2.es\/wp-content\/uploads\/2025\/08\/DSC09440-Editar-1-1-768x1075.jpg 768w, https:\/\/fahana.rwdesarrollos2.es\/wp-content\/uploads\/2025\/08\/DSC09440-Editar-1-1-732x1024.jpg 732w, https:\/\/fahana.rwdesarrollos2.es\/wp-content\/uploads\/2025\/08\/DSC09440-Editar-1-1-1097x1536.jpg 1097w\" sizes=\"auto, (max-width: 1463px) 100vw, 1463px\" \/>      <\/div>\n        <div class=\"lg:w-1\/2 py-10 lg:p-10 \n            xl:px-24 2xl:px-28 \n            xl:py-24 2xl:py-28\"\n        >\n\n                          <h3 class=\"text-5xl\/[1.2] xl:text-7xl\/[1.2] text-balance\">\n                Reimagina<br\/> <i>Tu escapada<\/i>               <\/h3>\n            \n                          <div class=\"content mt-5 lg:mt-10\">\n                <p><p>Fahana es el lugar donde tu retiro ideal cobra vida. Desde el momento en que realizas tu reserva, cada momento se dise\u00f1a meticulosamente para que se adapte a tus preferencias. Nuestro objetivo es brindarte unas vacaciones incomparables que reflejen tu individualidad.<\/p>\n<\/p>\n                              <\/div>\n            \n        <\/div>\n    <\/div>\n      <div class=\"flex flex-col lg:flex-row lg:gap-20 opacity-0\">\n      <div class=\"lg:w-1\/2 lg:-translate-y-20 lg:order-2\">\n          <img loading=\"lazy\" decoding=\"async\" width=\"2048\" height=\"1365\" src=\"https:\/\/fahana.rwdesarrollos2.es\/wp-content\/uploads\/2024\/10\/DSC01253-Editar-1.jpg\" class=\"parallax\" alt=\"\" srcset=\"https:\/\/fahana.rwdesarrollos2.es\/wp-content\/uploads\/2024\/10\/DSC01253-Editar-1.jpg 2048w, https:\/\/fahana.rwdesarrollos2.es\/wp-content\/uploads\/2024\/10\/DSC01253-Editar-1-300x200.jpg 300w, https:\/\/fahana.rwdesarrollos2.es\/wp-content\/uploads\/2024\/10\/DSC01253-Editar-1-768x512.jpg 768w, https:\/\/fahana.rwdesarrollos2.es\/wp-content\/uploads\/2024\/10\/DSC01253-Editar-1-1024x683.jpg 1024w, https:\/\/fahana.rwdesarrollos2.es\/wp-content\/uploads\/2024\/10\/DSC01253-Editar-1-1536x1024.jpg 1536w\" sizes=\"auto, (max-width: 2048px) 100vw, 2048px\" \/>      <\/div>\n        <div class=\"lg:w-1\/2 py-10 lg:p-10 \n            xl:px-10 \n            xl:py-20\"\n        >\n\n                          <h3 class=\"text-5xl\/[1.2] xl:text-7xl\/[1.2] text-balance\">\n                Santuarios hechos<br\/>   <i>A tu Medida<\/i>               <\/h3>\n            \n                          <div class=\"content mt-5 lg:mt-10\">\n                <p><p>Sum\u00e9rgete en nuestros santuarios y vive la experiencia Fahana, donde cada detalle est\u00e1 pensado seg\u00fan tus preferencias. Tu bienestar y tranquilidad son lo m\u00e1s importante para nosotros, y priorizamos tu comodidad y privacidad.<\/p>\n<\/p>\n                              <\/div>\n            \n        <\/div>\n    <\/div>\n      <div class=\"flex flex-col lg:flex-row lg:gap-20 opacity-0\">\n      <div class=\"lg:w-1\/2 lg: \">\n          <img loading=\"lazy\" decoding=\"async\" width=\"1684\" height=\"1897\" src=\"https:\/\/fahana.rwdesarrollos2.es\/wp-content\/uploads\/2024\/06\/image001-1.jpg\" class=\"parallax\" alt=\"\" srcset=\"https:\/\/fahana.rwdesarrollos2.es\/wp-content\/uploads\/2024\/06\/image001-1.jpg 1684w, https:\/\/fahana.rwdesarrollos2.es\/wp-content\/uploads\/2024\/06\/image001-1-266x300.jpg 266w, https:\/\/fahana.rwdesarrollos2.es\/wp-content\/uploads\/2024\/06\/image001-1-768x865.jpg 768w, https:\/\/fahana.rwdesarrollos2.es\/wp-content\/uploads\/2024\/06\/image001-1-909x1024.jpg 909w, https:\/\/fahana.rwdesarrollos2.es\/wp-content\/uploads\/2024\/06\/image001-1-1364x1536.jpg 1364w\" sizes=\"auto, (max-width: 1684px) 100vw, 1684px\" \/>      <\/div>\n        <div class=\"lg:w-1\/2 py-10 lg:p-10 \n            xl:px-24 2xl:px-28 \n            xl:py-24 2xl:py-28\"\n        >\n\n                          <h3 class=\"text-5xl\/[1.2] xl:text-7xl\/[1.2] text-balance\">\n                Emociones <i>Experiencias<\/i>              <\/h3>\n            \n                          <div class=\"content mt-5 lg:mt-10\">\n                <p><p>Emb\u00e1rcate en una experiencia que va m\u00e1s all\u00e1 del simple alojamiento: es una colecci\u00f3n de momentos personalizados seg\u00fan tus pasiones. Desde servicios adaptados a ti, hasta emocionantes salidas nocturnas. Nos aseguramos de que cada encuentro refleje tu exclusivo estilo de vida.<\/p>\n<\/p>\n                              <\/div>\n            \n        <\/div>\n    <\/div>\n      <div class=\"flex flex-col lg:flex-row lg:gap-20 opacity-0\">\n      <div class=\"lg:w-1\/2 lg:-translate-y-20 lg:order-2\">\n          <img loading=\"lazy\" decoding=\"async\" width=\"2048\" height=\"1365\" src=\"https:\/\/fahana.rwdesarrollos2.es\/wp-content\/uploads\/2025\/08\/DSC00420-Editar-1.jpg\" class=\"parallax\" alt=\"\" srcset=\"https:\/\/fahana.rwdesarrollos2.es\/wp-content\/uploads\/2025\/08\/DSC00420-Editar-1.jpg 2048w, https:\/\/fahana.rwdesarrollos2.es\/wp-content\/uploads\/2025\/08\/DSC00420-Editar-1-300x200.jpg 300w, https:\/\/fahana.rwdesarrollos2.es\/wp-content\/uploads\/2025\/08\/DSC00420-Editar-1-768x512.jpg 768w, https:\/\/fahana.rwdesarrollos2.es\/wp-content\/uploads\/2025\/08\/DSC00420-Editar-1-1024x683.jpg 1024w, https:\/\/fahana.rwdesarrollos2.es\/wp-content\/uploads\/2025\/08\/DSC00420-Editar-1-1536x1024.jpg 1536w\" sizes=\"auto, (max-width: 2048px) 100vw, 2048px\" \/>      <\/div>\n        <div class=\"lg:w-1\/2 py-10 lg:p-10 \n            xl:px-24 2xl:px-28 \n            xl:py-0\"\n        >\n\n                          <h3 class=\"text-5xl\/[1.2] xl:text-7xl\/[1.2] text-balance\">\n                Confort<br\/> <i>En Conexi\u00f3n<\/i>               <\/h3>\n            \n                          <div class=\"content mt-5 lg:mt-10\">\n                <p><p>Comprendemos tus necesidades, escuchamos tus preferencias y tomamos medidas. Nuestro equipo especializado se adapta perfectamente a tus necesidades y garantiza una estancia sin complicaciones y gratificante desde la llegada hasta la salida.<\/p>\n<\/p>\n                              <\/div>\n            \n        <\/div>\n    <\/div>\n  <\/section>\n\n\n\n\n            <section id=\"destinos\"            class=\"bg-primary relative   pt-12 lg:pt-20 pb-12 lg:pb-20 \">\n            <div class=\"absolute w-full h-full top-0 left-0 bg-cover bg-no-repeat bg-center opacity-5\"\n                style=\"background-image:url(https:\/\/fahana.rwdesarrollos2.es\/wp-content\/themes\/fahana\/assets\/bg.svg)\"><\/div>\n            <div class=\"embla px-5 lg:px-20 relative\">\n                <div class=\"embla__viewport\">\n                    <div\n                        class=\"embla__container gap-5 cursor-grab active:cursor-grabbing\">\n                                                    <div class=\"w-full lg:w-[32%] flex-none relative group pb-10\">\n                                <h3\n                                    class=\"w-9\/12 absolute top-0 left-1\/2 -translate-x-1\/2 lg:group-hover:translate-y-10 duration-500 text-center text-5xl lg:text-6xl text-white z-10\">\n                                    Fahana Maspalomas<\/h3>\n                                <div class=\"overflow-hidden translate-y-10\">\n                                    <div class=\"lg:group-hover:scale-105 duration-500\">\n                                                                                                                                <img decoding=\"async\" src=\"https:\/\/fahana.rwdesarrollos2.es\/wp-content\/uploads\/2026\/02\/thumb-mas-scaled-1.jpg\" alt=\"\"\n                                                class=\"w-full object-cover parallax lg:group-hover:scale-105 aspect-[11\/16]\">\n                                                                            <\/div>\n                                <\/div>\n                                <p\n                                    class=\"absolute bottom-20 opacity-0 lg:group-hover:opacity-100 duration-500 w-full px-5 lg:px-20 text-center text-white\">\n                                    A sophisticated men-only luxury hotel in Maspalomas, offering privacy and calm just 5 minutes from Playa del Ingl\u00e9s and only 2 minutes from Yumbo Centre, home to Spain\u2019s most vibrant gay nightlife.<\/p>\n                                <a href=\"https:\/\/fahana.rwdesarrollos2.es\/es\/maspalomas\/\" class=\"absolute top-0 left-0 w-full h-full\"><\/a>\n                                <div class=\"flex translate-y-5 lg:group-hover:opacity-0 duration-500\">\n                                    <a href=\"https:\/\/fahana.rwdesarrollos2.es\/es\/maspalomas\/\"\n                                        class=\"text-white text-3xl lg:text-4xl font-ivypresto text-center mx-auto\">Explore Now<\/a>\n                                <\/div>\n                            <\/div>\n\n                                                    <div class=\"w-full lg:w-[32%] flex-none relative group pb-10\">\n                                <h3\n                                    class=\"w-9\/12 absolute top-0 left-1\/2 -translate-x-1\/2 lg:group-hover:translate-y-10 duration-500 text-center text-5xl lg:text-6xl text-white z-10\">\n                                    Fahana Triana<\/h3>\n                                <div class=\"overflow-hidden translate-y-10\">\n                                    <div class=\"lg:group-hover:scale-105 duration-500\">\n                                                                                                                                <img decoding=\"async\" src=\"https:\/\/fahana.rwdesarrollos2.es\/wp-content\/uploads\/2025\/07\/3D_415-_TRIANA-54_-V03-_02-Suite-Room-5.jpg\" alt=\"\"\n                                                class=\"w-full object-cover parallax lg:group-hover:scale-105 aspect-[11\/16]\">\n                                                                            <\/div>\n                                <\/div>\n                                <p\n                                    class=\"absolute bottom-20 opacity-0 lg:group-hover:opacity-100 duration-500 w-full px-5 lg:px-20 text-center text-white\">\n                                    Ubicado en un edificio hist\u00f3rico protegido en la emblem\u00e1tica calle Triana de Las Palmas, Fahana Triana aporta un encanto boutique al vibrante coraz\u00f3n de la ciudad. Combinando la arquitectura tradicional con el estilo moderno distintivo de Fahana, est\u00e1 dise\u00f1ado para viajeros que valoran la cultura, el confort y la personalidad.\nIdeal para escapadas culturales, estancias de negocios o fines de semana, Fahana Triana es su base elegante en la capital.\nViva la ciudad. Viva Fahana.<\/p>\n                                <a href=\"https:\/\/fahana.rwdesarrollos2.es\/es\/triana\/\" class=\"absolute top-0 left-0 w-full h-full\"><\/a>\n                                <div class=\"flex translate-y-5 lg:group-hover:opacity-0 duration-500\">\n                                    <a href=\"https:\/\/fahana.rwdesarrollos2.es\/es\/triana\/\"\n                                        class=\"text-white text-3xl lg:text-4xl font-ivypresto text-center mx-auto\">Explore Now<\/a>\n                                <\/div>\n                            <\/div>\n\n                                                    <div class=\"w-full lg:w-[32%] flex-none relative group pb-10\">\n                                <h3\n                                    class=\"w-9\/12 absolute top-0 left-1\/2 -translate-x-1\/2 lg:group-hover:translate-y-10 duration-500 text-center text-5xl lg:text-6xl text-white z-10\">\n                                    Residences Las Canteras<\/h3>\n                                <div class=\"overflow-hidden translate-y-10\">\n                                    <div class=\"lg:group-hover:scale-105 duration-500\">\n                                                                                                                                <img decoding=\"async\" src=\"https:\/\/fahana.rwdesarrollos2.es\/wp-content\/uploads\/2025\/02\/DSC01357-Editar-1.jpg\" alt=\"\"\n                                                class=\"w-full object-cover parallax lg:group-hover:scale-105 aspect-[11\/16]\">\n                                                                            <\/div>\n                                <\/div>\n                                <p\n                                    class=\"absolute bottom-20 opacity-0 lg:group-hover:opacity-100 duration-500 w-full px-5 lg:px-20 text-center text-white\">\n                                    Ubicado en el coraz\u00f3n de la isla. Fahana Las Canteras ofrece la combinaci\u00f3n perfecta de comodidad y conveniencia. A solo un breve paseo de la emblem\u00e1tica playa de Las Canteras, de los lugares de inter\u00e9s de la ciudad y del animado auditorio de la ciudad. Se encontrar\u00e1 inmerso en la vibrante cultura local. Disfrute de una sesi\u00f3n de compras en el Centro Comercial Las Arenas y rel\u00e1jese en nuestras lujosas y bien equipadas habitaciones, dise\u00f1adas para ofrecerle la m\u00e1xima comodidad.<\/p>\n                                <a href=\"https:\/\/fahana.rwdesarrollos2.es\/es\/lascanteras\/\" class=\"absolute top-0 left-0 w-full h-full\"><\/a>\n                                <div class=\"flex translate-y-5 lg:group-hover:opacity-0 duration-500\">\n                                    <a href=\"https:\/\/fahana.rwdesarrollos2.es\/es\/lascanteras\/\"\n                                        class=\"text-white text-3xl lg:text-4xl font-ivypresto text-center mx-auto\">Explore Now<\/a>\n                                <\/div>\n                            <\/div>\n\n                                                    <div class=\"w-full lg:w-[32%] flex-none relative group pb-10\">\n                                <h3\n                                    class=\"w-9\/12 absolute top-0 left-1\/2 -translate-x-1\/2 lg:group-hover:translate-y-10 duration-500 text-center text-5xl lg:text-6xl text-white z-10\">\n                                    Residences Arguinegu\u00edn<\/h3>\n                                <div class=\"overflow-hidden translate-y-10\">\n                                    <div class=\"lg:group-hover:scale-105 duration-500\">\n                                                                                                                                <img decoding=\"async\" src=\"https:\/\/fahana.rwdesarrollos2.es\/wp-content\/uploads\/2025\/05\/Captura-de-pantalla-2025-04-24-162731.png\" alt=\"\"\n                                                class=\"w-full object-cover parallax lg:group-hover:scale-105 aspect-[11\/16]\">\n                                                                            <\/div>\n                                <\/div>\n                                <p\n                                    class=\"absolute bottom-20 opacity-0 lg:group-hover:opacity-100 duration-500 w-full px-5 lg:px-20 text-center text-white\">\n                                    Escondido en el tranquilo pueblo pesquero de Arguinegu\u00edn, Fahana Residences ofrece un exclusivo refugio costero en el soleado sur de Gran Canaria. Dise\u00f1ado para quienes buscan tranquilidad sin renunciar al estilo, nuestro nuevo bloque de apartamentos combina la comodidad moderna con el encanto relajado de la vida isle\u00f1a.\nFahana Residences es el alojamiento perfecto para estancias largas, escapadas de fin de semana o teletrabajo con vistas. Experimente la calma.   Viva Fahana.<\/p>\n                                <a href=\"https:\/\/fahana.rwdesarrollos2.es\/es\/arguineguin\/\" class=\"absolute top-0 left-0 w-full h-full\"><\/a>\n                                <div class=\"flex translate-y-5 lg:group-hover:opacity-0 duration-500\">\n                                    <a href=\"https:\/\/fahana.rwdesarrollos2.es\/es\/arguineguin\/\"\n                                        class=\"text-white text-3xl lg:text-4xl font-ivypresto text-center mx-auto\">Explore Now<\/a>\n                                <\/div>\n                            <\/div>\n\n                                            <\/div>\n                <\/div>\n                                    <div class=\"mt-10 flex justify-end \">\n                        \n\n<div class=\"w-full flex gap-7 lg:gap-10 justify-between\">\n            <div class=\"embla__progress w-full stroke-white\">\n            <div class=\"embla__progress__bar\" style=\"transform:translate3d(0%,0px,0px)\"><\/div>\n        <\/div>\n    \n    <div class=\"embla__nav flex gap-2.5 pb-2 flex-none disabled- \">\n        <button class=\"prev w-9 h-9 lg:w-11 lg:h-11 border rounded-full p-2 flex lg:hover:scale-105 duration-200 border-white\">\n            <svg width=\"8\" height=\"17\" viewBox=\"0 0 8 17\" fill=\"none\" class=\"m-auto w-2 lg:w-2.5 h-auto rotate-90 stroke-white\" xmlns=\"http:\/\/www.w3.org\/2000\/svg\">\n                <path d=\"M4 0V16\" stroke-width=\"0.7\"\/>\n                <path d=\"M1 13L4 16L7 13\" stroke-width=\"0.7\"\/>\n            <\/svg>\n        <\/button>\n        <button class=\"next w-9 h-9 lg:w-11 lg:h-11 border rounded-full p-2 flex lg:hover:scale-105 duration-200 border-white\">\n            <svg width=\"8\" height=\"17\" viewBox=\"0 0 8 17\" fill=\"none\" class=\"m-auto w-2 lg:w-2.5 h-auto -rotate-90 stroke-white\" xmlns=\"http:\/\/www.w3.org\/2000\/svg\">\n                <path d=\"M4 0V16\" stroke-width=\"0.7\"\/>\n                <path d=\"M1 13L4 16L7 13\" stroke-width=\"0.7\"\/>\n            <\/svg>\n        <\/button>\n    <\/div>\n<\/div>                    <\/div>\n                            <\/div>\n        <\/section>\n    \n\n\n\n\n\n\n\n<section id=\"ChIJF5kO1DdjPwwRy1ZdAOOjBaA\" class=\"reviews relative   pt-12 lg:pt-20 pb-8 lg:pb-16 \">\n    <div class=\"row marquee\">\n        <h2 class=\"text-5xl lg:text-7xl text-primary\"> Que dicen <i>Nuestros Clientes?<\/i> &#8211; Que dicen <i>Nuestros Clientes?<\/i> &#8211;&nbsp;<\/h2>\n    <\/div>\n\n    <div class=\"row mt-12 px-5 lg:px-20 embla\">\n        <div class=\"embla__viewport\">\n            <div id=\"reviews\" class=\"embla__container gap-5 cursor-grab active:cursor-grabbing\">\n                            <\/div>\n        <\/div>\n        <div class=\"mt-10\">\n            \n\n<div class=\"w-full flex gap-7 lg:gap-10 justify-between\">\n            <div class=\"embla__progress w-full stroke-black\">\n            <div class=\"embla__progress__bar\" style=\"transform:translate3d(0%,0px,0px)\"><\/div>\n        <\/div>\n    \n    <div class=\"embla__nav flex gap-2.5 pb-2 flex-none disabled- \">\n        <button class=\"prev w-9 h-9 lg:w-11 lg:h-11 border rounded-full p-2 flex lg:hover:scale-105 duration-200 border-black\">\n            <svg width=\"8\" height=\"17\" viewBox=\"0 0 8 17\" fill=\"none\" class=\"m-auto w-2 lg:w-2.5 h-auto rotate-90 stroke-black\" xmlns=\"http:\/\/www.w3.org\/2000\/svg\">\n                <path d=\"M4 0V16\" stroke-width=\"0.7\"\/>\n                <path d=\"M1 13L4 16L7 13\" stroke-width=\"0.7\"\/>\n            <\/svg>\n        <\/button>\n        <button class=\"next w-9 h-9 lg:w-11 lg:h-11 border rounded-full p-2 flex lg:hover:scale-105 duration-200 border-black\">\n            <svg width=\"8\" height=\"17\" viewBox=\"0 0 8 17\" fill=\"none\" class=\"m-auto w-2 lg:w-2.5 h-auto -rotate-90 stroke-black\" xmlns=\"http:\/\/www.w3.org\/2000\/svg\">\n                <path d=\"M4 0V16\" stroke-width=\"0.7\"\/>\n                <path d=\"M1 13L4 16L7 13\" stroke-width=\"0.7\"\/>\n            <\/svg>\n        <\/button>\n    <\/div>\n<\/div>        <\/div>\n\n        <div hx-get=\"https:\/\/fahana.rwdesarrollos2.es\/wp-admin\/admin-ajax.php?action=get_reviews&#038;lang=es\" hx-target=\"#reviews\" hx-trigger=\"load\">\n    <\/div>\n<\/section>\n\n\n\n\n\n<section  class=\"image-text px-5 lg:px-20 lg:space-y-10     \">\n      <div class=\"flex flex-col lg:flex-row lg:gap-20 opacity-0\">\n      <div class=\"lg:w-1\/2 lg: \">\n          <img loading=\"lazy\" decoding=\"async\" width=\"1748\" height=\"1240\" src=\"https:\/\/fahana.rwdesarrollos2.es\/wp-content\/uploads\/2025\/05\/Certificado-De-Regalo-Paddle-Fotografico-Negro-y-Verde-2.jpg\" class=\"parallax\" alt=\"Subvenci\u00f3n EU\" srcset=\"https:\/\/fahana.rwdesarrollos2.es\/wp-content\/uploads\/2025\/05\/Certificado-De-Regalo-Paddle-Fotografico-Negro-y-Verde-2.jpg 1748w, https:\/\/fahana.rwdesarrollos2.es\/wp-content\/uploads\/2025\/05\/Certificado-De-Regalo-Paddle-Fotografico-Negro-y-Verde-2-300x213.jpg 300w, https:\/\/fahana.rwdesarrollos2.es\/wp-content\/uploads\/2025\/05\/Certificado-De-Regalo-Paddle-Fotografico-Negro-y-Verde-2-768x545.jpg 768w, https:\/\/fahana.rwdesarrollos2.es\/wp-content\/uploads\/2025\/05\/Certificado-De-Regalo-Paddle-Fotografico-Negro-y-Verde-2-1024x726.jpg 1024w, https:\/\/fahana.rwdesarrollos2.es\/wp-content\/uploads\/2025\/05\/Certificado-De-Regalo-Paddle-Fotografico-Negro-y-Verde-2-1536x1090.jpg 1536w\" sizes=\"auto, (max-width: 1748px) 100vw, 1748px\" \/>      <\/div>\n        <div class=\"lg:w-1\/2 py-10 lg:p-10 \n            xl:px-24 2xl:px-28 \n            xl:py-24 2xl:py-28\"\n        >\n\n                          <h3 class=\"text-5xl\/[1.2] xl:text-7xl\/[1.2] text-balance\">\n                Programa de subvenciones.              <\/h3>\n            \n                          <div class=\"content mt-5 lg:mt-10\">\n                <p><p><strong>Plan de Recuperaci\u00f3n, Transformaci\u00f3n y Resilencia, financiado por la Uni\u00f3n Europea.<\/strong><\/p>\n<p>Plan de modernizaci\u00f3n y mejora de la experiencia tur\u00edstica en Fahana Gay Men Only Hotel.<\/p>\n<\/p>\n                              <\/div>\n            \n        <\/div>\n    <\/div>\n  <\/section>\n\n","protected":false},"excerpt":{"rendered":"","protected":false},"author":1,"featured_media":0,"parent":0,"menu_order":0,"comment_status":"closed","ping_status":"closed","template":"templates\/page-gutenberg.php","meta":{"_acf_changed":false,"footnotes":""},"class_list":["post-485","page","type-page","status-publish","hentry"],"acf":[],"jetpack_sharing_enabled":true,"_links":{"self":[{"href":"https:\/\/fahana.rwdesarrollos2.es\/es\/wp-json\/wp\/v2\/pages\/485","targetHints":{"allow":["GET"]}}],"collection":[{"href":"https:\/\/fahana.rwdesarrollos2.es\/es\/wp-json\/wp\/v2\/pages"}],"about":[{"href":"https:\/\/fahana.rwdesarrollos2.es\/es\/wp-json\/wp\/v2\/types\/page"}],"author":[{"embeddable":true,"href":"https:\/\/fahana.rwdesarrollos2.es\/es\/wp-json\/wp\/v2\/users\/1"}],"replies":[{"embeddable":true,"href":"https:\/\/fahana.rwdesarrollos2.es\/es\/wp-json\/wp\/v2\/comments?post=485"}],"version-history":[{"count":0,"href":"https:\/\/fahana.rwdesarrollos2.es\/es\/wp-json\/wp\/v2\/pages\/485\/revisions"}],"wp:attachment":[{"href":"https:\/\/fahana.rwdesarrollos2.es\/es\/wp-json\/wp\/v2\/media?parent=485"}],"curies":[{"name":"wp","href":"https:\/\/api.w.org\/{rel}","templated":true}]}}