{"id":547,"date":"2025-07-24T14:22:00","date_gmt":"2025-07-24T12:22:00","guid":{"rendered":"http:\/\/test.fahana-hotels.com\/?page_id=547"},"modified":"2026-03-02T14:57:52","modified_gmt":"2026-03-02T13:57:52","slug":"descubre-fahana","status":"publish","type":"page","link":"https:\/\/fahana.rwdesarrollos2.es\/es\/descubre-fahana\/","title":{"rendered":"Descubre Fahana"},"content":{"rendered":"\n\n    <section class=\"lg:px-20 relative max-lg:pt-36   pt-32 lg:pt-40 pb-12 lg:pb-20\">\n      <div class=\"flex flex-col lg:flex-row gap-8\">\n          <div class=\"w-3\/12 pt-10 max-lg:hidden\">\n            <h1 class=\"xl:text-7xl text-balance\">La Esencia <i>de Fahana<\/i><\/h1>\n          <\/div>\n          <div class=\"lg:w-5\/12\">\n                                          <div class=\"embla autoplay\">\n                  <div class=\"embla__viewport\">\n                    <div class=\"embla__container\">\n                                              <div class=\"w-full flex-none\">\n                          <img loading=\"lazy\" decoding=\"async\" width=\"1599\" height=\"1529\" src=\"https:\/\/fahana.rwdesarrollos2.es\/wp-content\/uploads\/2024\/06\/image-60-min.jpg\" class=\"w-full h-full object-cover\" alt=\"\" srcset=\"https:\/\/fahana.rwdesarrollos2.es\/wp-content\/uploads\/2024\/06\/image-60-min.jpg 1599w, https:\/\/fahana.rwdesarrollos2.es\/wp-content\/uploads\/2024\/06\/image-60-min-300x287.jpg 300w, https:\/\/fahana.rwdesarrollos2.es\/wp-content\/uploads\/2024\/06\/image-60-min-768x734.jpg 768w, https:\/\/fahana.rwdesarrollos2.es\/wp-content\/uploads\/2024\/06\/image-60-min-1024x979.jpg 1024w, https:\/\/fahana.rwdesarrollos2.es\/wp-content\/uploads\/2024\/06\/image-60-min-1536x1469.jpg 1536w\" sizes=\"auto, (max-width: 1599px) 100vw, 1599px\" \/>                        <\/div>\n                                              <div class=\"w-full flex-none\">\n                          <img loading=\"lazy\" decoding=\"async\" width=\"1599\" height=\"1529\" src=\"https:\/\/fahana.rwdesarrollos2.es\/wp-content\/uploads\/2024\/06\/image-59-min-1.jpg\" class=\"w-full h-full object-cover\" alt=\"\" srcset=\"https:\/\/fahana.rwdesarrollos2.es\/wp-content\/uploads\/2024\/06\/image-59-min-1.jpg 1599w, https:\/\/fahana.rwdesarrollos2.es\/wp-content\/uploads\/2024\/06\/image-59-min-1-300x287.jpg 300w, https:\/\/fahana.rwdesarrollos2.es\/wp-content\/uploads\/2024\/06\/image-59-min-1-768x734.jpg 768w, https:\/\/fahana.rwdesarrollos2.es\/wp-content\/uploads\/2024\/06\/image-59-min-1-1024x979.jpg 1024w, https:\/\/fahana.rwdesarrollos2.es\/wp-content\/uploads\/2024\/06\/image-59-min-1-1536x1469.jpg 1536w\" sizes=\"auto, (max-width: 1599px) 100vw, 1599px\" \/>                        <\/div>\n                                              <div class=\"w-full flex-none\">\n                          <img loading=\"lazy\" decoding=\"async\" width=\"1599\" height=\"1529\" src=\"https:\/\/fahana.rwdesarrollos2.es\/wp-content\/uploads\/2024\/06\/image-56-min-1.jpg\" class=\"w-full h-full object-cover\" alt=\"\" srcset=\"https:\/\/fahana.rwdesarrollos2.es\/wp-content\/uploads\/2024\/06\/image-56-min-1.jpg 1599w, https:\/\/fahana.rwdesarrollos2.es\/wp-content\/uploads\/2024\/06\/image-56-min-1-300x287.jpg 300w, https:\/\/fahana.rwdesarrollos2.es\/wp-content\/uploads\/2024\/06\/image-56-min-1-768x734.jpg 768w, https:\/\/fahana.rwdesarrollos2.es\/wp-content\/uploads\/2024\/06\/image-56-min-1-1024x979.jpg 1024w, https:\/\/fahana.rwdesarrollos2.es\/wp-content\/uploads\/2024\/06\/image-56-min-1-1536x1469.jpg 1536w\" sizes=\"auto, (max-width: 1599px) 100vw, 1599px\" \/>                        <\/div>\n                                              <div class=\"w-full flex-none\">\n                          <img loading=\"lazy\" decoding=\"async\" width=\"1599\" height=\"1529\" src=\"https:\/\/fahana.rwdesarrollos2.es\/wp-content\/uploads\/2024\/06\/image-58-min-1.jpg\" class=\"w-full h-full object-cover\" alt=\"\" srcset=\"https:\/\/fahana.rwdesarrollos2.es\/wp-content\/uploads\/2024\/06\/image-58-min-1.jpg 1599w, https:\/\/fahana.rwdesarrollos2.es\/wp-content\/uploads\/2024\/06\/image-58-min-1-300x287.jpg 300w, https:\/\/fahana.rwdesarrollos2.es\/wp-content\/uploads\/2024\/06\/image-58-min-1-768x734.jpg 768w, https:\/\/fahana.rwdesarrollos2.es\/wp-content\/uploads\/2024\/06\/image-58-min-1-1024x979.jpg 1024w, https:\/\/fahana.rwdesarrollos2.es\/wp-content\/uploads\/2024\/06\/image-58-min-1-1536x1469.jpg 1536w\" sizes=\"auto, (max-width: 1599px) 100vw, 1599px\" \/>                        <\/div>\n                                              <div class=\"w-full flex-none\">\n                          <img loading=\"lazy\" decoding=\"async\" width=\"1599\" height=\"1529\" src=\"https:\/\/fahana.rwdesarrollos2.es\/wp-content\/uploads\/2024\/06\/image-57-min-1.jpg\" class=\"w-full h-full object-cover\" alt=\"\" srcset=\"https:\/\/fahana.rwdesarrollos2.es\/wp-content\/uploads\/2024\/06\/image-57-min-1.jpg 1599w, https:\/\/fahana.rwdesarrollos2.es\/wp-content\/uploads\/2024\/06\/image-57-min-1-300x287.jpg 300w, https:\/\/fahana.rwdesarrollos2.es\/wp-content\/uploads\/2024\/06\/image-57-min-1-768x734.jpg 768w, https:\/\/fahana.rwdesarrollos2.es\/wp-content\/uploads\/2024\/06\/image-57-min-1-1024x979.jpg 1024w, https:\/\/fahana.rwdesarrollos2.es\/wp-content\/uploads\/2024\/06\/image-57-min-1-1536x1469.jpg 1536w\" sizes=\"auto, (max-width: 1599px) 100vw, 1599px\" \/>                        <\/div>\n                                              <div class=\"w-full flex-none\">\n                          <img loading=\"lazy\" decoding=\"async\" width=\"1599\" height=\"1529\" src=\"https:\/\/fahana.rwdesarrollos2.es\/wp-content\/uploads\/2024\/06\/image-61-min-1.jpg\" class=\"w-full h-full object-cover\" alt=\"\" srcset=\"https:\/\/fahana.rwdesarrollos2.es\/wp-content\/uploads\/2024\/06\/image-61-min-1.jpg 1599w, https:\/\/fahana.rwdesarrollos2.es\/wp-content\/uploads\/2024\/06\/image-61-min-1-300x287.jpg 300w, https:\/\/fahana.rwdesarrollos2.es\/wp-content\/uploads\/2024\/06\/image-61-min-1-768x734.jpg 768w, https:\/\/fahana.rwdesarrollos2.es\/wp-content\/uploads\/2024\/06\/image-61-min-1-1024x979.jpg 1024w, https:\/\/fahana.rwdesarrollos2.es\/wp-content\/uploads\/2024\/06\/image-61-min-1-1536x1469.jpg 1536w\" sizes=\"auto, (max-width: 1599px) 100vw, 1599px\" \/>                        <\/div>\n                                          <\/div>\n                  <\/div>\n                <\/div>\n                                    <\/div>\n          <div class=\"lg:w-4\/12 lg:flex\">\n            <div class=\"content my-auto px-5 lg:px-10\">\n              <h1 class=\"w-10\/12 text-5xl xl:text-7xl text-balance mb-5 lg:hidden\">La Esencia <i>de Fahana<\/i><\/h1>\n              <p>Emprende una experiencia de lujo incomparable con Fahana, donde la meticulosa atenci\u00f3n al detalle converge con el vibrante pulso de la escena gay de Maspalomas. A solo 10 minutos a pie del ic\u00f3nico centro comercial Yumbo y Playa del Ingl\u00e9s, Fahana se sit\u00faa estrat\u00e9gicamente en el epicentro de la emoci\u00f3n, ofreciendo una experiencia inmersiva como ninguna otra.<\/p>\n            <\/div>\n          <\/div>\n      <\/div>\n    <\/section>\n\n  \n\n\n\n\n\n<section  class=\"image-text px-5 lg:px-20 lg:space-y-10 mt-0  0 pb-8 lg:pb-20 \">\n      <div class=\"flex flex-col lg:flex-row lg:gap-20 opacity-0\">\n      <div class=\"lg:w-1\/2 lg: lg:order-2\">\n                <\/div>\n        <div class=\"lg:w-1\/2 py-10 lg:p-10 \n            xl:px-10 \n            xl:py-20\"\n        >\n\n                          <h3 class=\"text-5xl\/[1.2] xl:text-7xl\/[1.2] text-balance\">\n                <i>Nuestra percepci\u00f3n<\/i> Del Lujo              <\/h3>\n            \n            \n        <\/div>\n    <\/div>\n      <div class=\"flex flex-col lg:flex-row lg:gap-20 opacity-0\">\n      <div class=\"lg:w-1\/2 lg:-translate-y-10 \">\n          <img loading=\"lazy\" decoding=\"async\" width=\"1554\" height=\"1943\" src=\"https:\/\/fahana.rwdesarrollos2.es\/wp-content\/uploads\/2024\/06\/Fahana-action-1-min-1.jpg\" class=\"parallax\" alt=\"\" srcset=\"https:\/\/fahana.rwdesarrollos2.es\/wp-content\/uploads\/2024\/06\/Fahana-action-1-min-1.jpg 1554w, https:\/\/fahana.rwdesarrollos2.es\/wp-content\/uploads\/2024\/06\/Fahana-action-1-min-1-240x300.jpg 240w, https:\/\/fahana.rwdesarrollos2.es\/wp-content\/uploads\/2024\/06\/Fahana-action-1-min-1-768x960.jpg 768w, https:\/\/fahana.rwdesarrollos2.es\/wp-content\/uploads\/2024\/06\/Fahana-action-1-min-1-819x1024.jpg 819w, https:\/\/fahana.rwdesarrollos2.es\/wp-content\/uploads\/2024\/06\/Fahana-action-1-min-1-1228x1536.jpg 1228w\" sizes=\"auto, (max-width: 1554px) 100vw, 1554px\" \/>      <\/div>\n        <div class=\"lg:w-1\/2 py-10 lg:p-10 \n            xl:px-10 \n            xl:py-0\"\n        >\n\n            \n                          <div class=\"content mt-5 lg:mt-10\">\n                <p><h3>Excelencia en Cada Detalle<\/h3>\n<p>En Fahana, nos enorgullece nuestro compromiso con la excelencia, que trasciende incluso los detalles m\u00e1s meticulosos. Nuestro equipo de gesti\u00f3n, compuesto por expertos en crear el entorno perfecto, se dedica a elevar tu experiencia de manera continua. Con un agudo sentido de mejora, nos aseguramos de que cada visita supere tus expectativas, prometiendo un nivel de servicio y atenci\u00f3n que refleja tu esencia.<\/p>\n<h3>Lujo a la Medida<\/h3>\n<p>Fahana es m\u00e1s que un destino; es un refugio que evoluciona con tus deseos. Nuestro personal excepcional, capacitado para sintonizar con tus preferencias \u00fanicas, adapta sin esfuerzo el servicio y la atenci\u00f3n que deseas. Tu viaje con Fahana es una experiencia personalizada, donde cada momento est\u00e1 dise\u00f1ado para reflejar tu individualidad.<\/p>\n<h3>Anticipa lo Extraordinario<\/h3>\n<p>\u00danete a nosotros en un viaje donde lo extraordinario se convierte en lo cotidiano. A medida que Fahana crece, anticipa nuevos proyectos y la renovaci\u00f3n de hoteles emblem\u00e1ticos, que reforzar\u00e1n nuestro compromiso de ofrecer la m\u00e1xima experiencia en viajes de alto nivel. Fahana no es solo un lugar; es una entidad din\u00e1mica que evoluciona con tus deseos, asegurando que cada visita sea un paso hacia un nivel superior de hospitalidad.<\/p>\n<\/p>\n                              <\/div>\n            \n        <\/div>\n    <\/div>\n  <\/section>\n\n\n\n\n\n","protected":false},"excerpt":{"rendered":"","protected":false},"author":1,"featured_media":535,"parent":0,"menu_order":0,"comment_status":"closed","ping_status":"closed","template":"templates\/page-gutenberg.php","meta":{"_acf_changed":false,"footnotes":""},"class_list":["post-547","page","type-page","status-publish","has-post-thumbnail","hentry"],"acf":[],"jetpack_sharing_enabled":true,"_links":{"self":[{"href":"https:\/\/fahana.rwdesarrollos2.es\/es\/wp-json\/wp\/v2\/pages\/547","targetHints":{"allow":["GET"]}}],"collection":[{"href":"https:\/\/fahana.rwdesarrollos2.es\/es\/wp-json\/wp\/v2\/pages"}],"about":[{"href":"https:\/\/fahana.rwdesarrollos2.es\/es\/wp-json\/wp\/v2\/types\/page"}],"author":[{"embeddable":true,"href":"https:\/\/fahana.rwdesarrollos2.es\/es\/wp-json\/wp\/v2\/users\/1"}],"replies":[{"embeddable":true,"href":"https:\/\/fahana.rwdesarrollos2.es\/es\/wp-json\/wp\/v2\/comments?post=547"}],"version-history":[{"count":0,"href":"https:\/\/fahana.rwdesarrollos2.es\/es\/wp-json\/wp\/v2\/pages\/547\/revisions"}],"wp:featuredmedia":[{"embeddable":true,"href":"https:\/\/fahana.rwdesarrollos2.es\/es\/wp-json\/wp\/v2\/media\/535"}],"wp:attachment":[{"href":"https:\/\/fahana.rwdesarrollos2.es\/es\/wp-json\/wp\/v2\/media?parent=547"}],"curies":[{"name":"wp","href":"https:\/\/api.w.org\/{rel}","templated":true}]}}