{"id":585,"date":"2024-03-04T10:15:45","date_gmt":"2024-03-04T10:15:45","guid":{"rendered":"http:\/\/test.fahana-hotels.com\/?page_id=585"},"modified":"2024-03-04T10:15:45","modified_gmt":"2024-03-04T10:15:45","slug":"politica-de-privacidad","status":"publish","type":"page","link":"https:\/\/fahana.rwdesarrollos2.es\/es\/politica-de-privacidad\/","title":{"rendered":"Pol\u00edtica de Privacidad"},"content":{"rendered":"\n<p>Protecci\u00f3n de Datos de Car\u00e1cter Personal seg\u00fan el RGPD<\/p>\n\n\n\n<p>Tajinaste Beach, S.L. y Vingiu Yonas, SLU, en cumplimiento de la normativa vigente en materia de protecci\u00f3n de datos personales, informa que los datos personales que se recogen a trav\u00e9s de los formularios del sitio web: www.fahanahotels.com se incluyen en los ficheros automatizados espec\u00edficos de usuarios de los servicios de Tajinaste Beach, S.L. y Vingiu Yonas, SLU.<\/p>\n\n\n\n<p>La recogida y el tratamiento automatizado de los datos personales tiene como finalidad el mantenimiento de la relaci\u00f3n comercial y el desempe\u00f1o de tareas de informaci\u00f3n, formaci\u00f3n, asesoramiento y otras actividades.<\/p>\n\n\n\n<p>Los datos solo ser\u00e1n cedidos a aquellas entidades que sean necesarias con el \u00fanico objetivo de dar cumplimiento a la finalidad anteriormente expuesta.<\/p>\n\n\n\n<p>Tajinaste Beach, S.L. y Vingiu Yonas, SLU adoptar\u00e1 las medidas necesarias para garantizar la seguridad, integridad y confidencialidad de los datos de acuerdo con lo dispuesto en el Reglamento General sobre la Protecci\u00f3n de Datos (RGPD).<\/p>\n\n\n\n<p>El usuario podr\u00e1 en cualquier momento ejercer los derechos de acceso, oposici\u00f3n, rectificaci\u00f3n, limitaci\u00f3n, portabilidad y cancelaci\u00f3n reconocidos en el citado Reglamento. El ejercicio de estos derechos puede ser realizado por el propio usuario a trav\u00e9s de correo electr\u00f3nico a: marketing@fahanahotels.com, o en la direcci\u00f3n: Avda De Tirajana 37 \u2013 Edificio Mercurio Torre I, 7 G, C.P. 35100 \u2013 San Bartolom\u00e9 de Tirajana (Las Palmas).<\/p>\n\n\n\n<p>El usuario declara que todos los datos proporcionados por \u00e9l son ciertos y correctos, y se compromete a mantenerlos actualizados, comunicando los cambios a Tajinaste Beach, S.L. y Vingiu Yonas, SLU.<\/p>\n\n\n\n<p>Finalidad del tratamiento de los datos personales<\/p>\n\n\n\n<p>\u00bfCon qu\u00e9 finalidad trataremos tus datos personales?<\/p>\n\n\n\n<p>En Tajinaste Beach, S.L. y Vingiu Yonas, SLU trataremos tus datos personales recabados a trav\u00e9s del sitio web: www.fahanahotels.com, con las siguientes finalidades:<\/p>\n\n\n\n<p>En caso de contratar los bienes y servicios ofrecidos a trav\u00e9s del sitio web, para mantener la relaci\u00f3n contractual, as\u00ed como la gesti\u00f3n, administraci\u00f3n, informaci\u00f3n, prestaci\u00f3n y mejora del servicio.<\/p>\n\n\n\n<p>Env\u00edo de la informaci\u00f3n solicitada a trav\u00e9s de los formularios.<\/p>\n\n\n\n<p>Env\u00edo de boletines informativos (newsletters), as\u00ed como comunicaciones comerciales de promociones y\/o publicidad de Tajinaste Beach, S.L. y Vingiu Yonas, SLU y del sector. Te recordamos que puedes oponerte al env\u00edo de comunicaciones comerciales por cualquier v\u00eda y en cualquier momento, remitiendo un correo electr\u00f3nico a la direcci\u00f3n indicada anteriormente.<\/p>\n\n\n\n<p>Los campos de estos registros son de cumplimentaci\u00f3n obligatoria, siendo imposible realizar las finalidades expresadas si no se aportan estos datos.<\/p>\n\n\n\n<p>\u00bfPor cu\u00e1nto tiempo se conservan los datos personales recabados?<\/p>\n\n\n\n<p>Los datos personales proporcionados se conservar\u00e1n mientras se mantenga la relaci\u00f3n comercial o no solicites su supresi\u00f3n, y durante el plazo por el cual pudieran derivarse responsabilidades legales por los servicios prestados.<\/p>\n\n\n\n<p>Legitimaci\u00f3n<\/p>\n\n\n\n<p>El tratamiento de tus datos se realiza con las siguientes bases jur\u00eddicas que lo legitiman:<\/p>\n\n\n\n<p>La solicitud de informaci\u00f3n y\/o la contrataci\u00f3n de los servicios de Tajinaste Beach, S.L. y Vingiu Yonas, SLU, cuyos t\u00e9rminos y condiciones se pondr\u00e1n a tu disposici\u00f3n en todo caso, de forma previa a una posible contrataci\u00f3n.<\/p>\n\n\n\n<p>El consentimiento libre, espec\u00edfico, informado e inequ\u00edvoco, en tanto que te informamos poniendo a tu disposici\u00f3n la presente pol\u00edtica de privacidad, que tras la lectura de la misma, en caso de estar conforme, puedes aceptar mediante una declaraci\u00f3n o una clara acci\u00f3n afirmativa, como el marcado de una casilla dispuesta al efecto.<\/p>\n\n\n\n<p>En caso de que no nos facilites tus datos o lo hagas de forma err\u00f3nea o incompleta, no podremos atender tu solicitud, resultando del todo imposible proporcionarte la informaci\u00f3n solicitada o llevar a cabo la contrataci\u00f3n de los servicios.<\/p>\n\n\n\n<p>Destinatarios<\/p>\n\n\n\n<p>Los datos no se comunicar\u00e1n a ning\u00fan tercero ajeno a Tajinaste Beach, S.L. y Vingiu Yonas, SLU, salvo por obligaci\u00f3n legal. Como encargados de tratamiento, tenemos contratados a los siguientes proveedores de servicios, habi\u00e9ndose comprometido al cumplimiento de las disposiciones normativas, aplicables en materia de protecci\u00f3n de datos, en el momento de su contrataci\u00f3n.<\/p>\n\n\n\n<p>Datos recopilados por usuarios de los servicios<\/p>\n\n\n\n<p>En el caso de que el usuario incluya ficheros que contengan datos de car\u00e1cter personal en los servidores de alojamiento compartido, Tajinaste Beach, S.L. y Vingiu Yonas, SLU no se hace responsable del incumplimiento por parte del usuario del Reglamento de Protecci\u00f3n de Datos.<\/p>\n\n\n\n<p>Retenci\u00f3n de datos seg\u00fan la LSSI<\/p>\n\n\n\n<p>Tajinaste Beach, S.L. y Vingiu Yonas, SLU informa que, como prestador de servicio de alojamiento de datos y en virtud de lo establecido en la Ley 34\/2002 de 11 de julio de Servicios de la Sociedad de la Informaci\u00f3n y de Comercio Electr\u00f3nico (LSSI), retiene por un periodo m\u00e1ximo de 12 meses la informaci\u00f3n imprescindible para identificar el origen de los datos alojados y el momento en que se inici\u00f3 la prestaci\u00f3n del servicio.<\/p>\n","protected":false},"excerpt":{"rendered":"<p>Protecci\u00f3n de Datos de Car\u00e1cter Personal seg\u00fan el RGPD Tajinaste Beach, S.L. y Vingiu Yonas, SLU, en cumplimiento de la normativa vigente en materia de protecci\u00f3n de datos personales, informa que los datos personales que se recogen a trav\u00e9s de los formularios del sitio web: www.fahanahotels.com se incluyen en los ficheros automatizados espec\u00edficos de usuarios [&hellip;]<\/p>\n","protected":false},"author":1,"featured_media":0,"parent":0,"menu_order":0,"comment_status":"closed","ping_status":"closed","template":"","meta":{"_acf_changed":false,"footnotes":""},"class_list":["post-585","page","type-page","status-publish","hentry"],"acf":[],"jetpack_sharing_enabled":true,"_links":{"self":[{"href":"https:\/\/fahana.rwdesarrollos2.es\/es\/wp-json\/wp\/v2\/pages\/585","targetHints":{"allow":["GET"]}}],"collection":[{"href":"https:\/\/fahana.rwdesarrollos2.es\/es\/wp-json\/wp\/v2\/pages"}],"about":[{"href":"https:\/\/fahana.rwdesarrollos2.es\/es\/wp-json\/wp\/v2\/types\/page"}],"author":[{"embeddable":true,"href":"https:\/\/fahana.rwdesarrollos2.es\/es\/wp-json\/wp\/v2\/users\/1"}],"replies":[{"embeddable":true,"href":"https:\/\/fahana.rwdesarrollos2.es\/es\/wp-json\/wp\/v2\/comments?post=585"}],"version-history":[{"count":0,"href":"https:\/\/fahana.rwdesarrollos2.es\/es\/wp-json\/wp\/v2\/pages\/585\/revisions"}],"wp:attachment":[{"href":"https:\/\/fahana.rwdesarrollos2.es\/es\/wp-json\/wp\/v2\/media?parent=585"}],"curies":[{"name":"wp","href":"https:\/\/api.w.org\/{rel}","templated":true}]}}